{"id":1938,"date":"2025-11-15T15:59:32","date_gmt":"2025-11-15T20:59:32","guid":{"rendered":"https:\/\/alquimico.com\/press\/"},"modified":"2026-03-14T09:17:20","modified_gmt":"2026-03-14T14:17:20","slug":"press","status":"publish","type":"page","link":"https:\/\/alquimico.com\/en\/press\/","title":{"rendered":"PRESS"},"content":{"rendered":"\t\t<div data-elementor-type=\"wp-page\" data-elementor-id=\"1938\" class=\"elementor elementor-1938 elementor-89\">\n\t\t\t\t<div class=\"elementor-element elementor-element-d806c07 e-con-full e-flex e-con e-parent\" data-id=\"d806c07\" data-element_type=\"container\" data-e-type=\"container\" data-settings=\"{&quot;background_background&quot;:&quot;classic&quot;}\">\n\t\t\t\t<div class=\"elementor-element elementor-element-d78abd0 elementor-widget elementor-widget-raven-advanced-posts\" data-id=\"d78abd0\" data-element_type=\"widget\" data-e-type=\"widget\" data-settings=\"{&quot;general_layout&quot;:&quot;masonry&quot;,&quot;pagination_type&quot;:&quot;infinite_load&quot;,&quot;query_posts_per_page&quot;:20,&quot;columns&quot;:&quot;3&quot;,&quot;columns_tablet&quot;:&quot;2&quot;,&quot;columns_mobile&quot;:&quot;1&quot;,&quot;query_orderby&quot;:&quot;date&quot;,&quot;query_offset&quot;:0}\" data-widget_type=\"raven-advanced-posts.default\">\n\t\t\t\t<div class=\"elementor-widget-container\">\n\t\t\t\t\t\t\t<div class=\"raven-posts raven-posts-masonry\">\n\t\t\t\t\t\t<div class=\"advanced-posts-content content-layout-under-image raven-masonry raven-masonry-3 raven-masonry-mobile-1 raven-masonry-tablet-2  \" data-post-id=\"1938\" data-archive-query=\"\">\n\t\t\t\t<div class=\"raven-posts-item raven-masonry-item  \"><div class=\"raven-post-wrapper \"><div class=\"raven-post  \"><div class=\"raven-post-image-wrap\"><a class=\"raven-post-image\" href=\"https:\/\/alquimico.com\/en\/alquimico-in-the-worlds-50-best-bars\/\"> <img fetchpriority=\"high\" decoding=\"async\" width=\"526\" height=\"448\" src=\"https:\/\/alquimico.com\/wp-content\/uploads\/2026\/03\/014.jpg\" class=\"attachment-full size-full wp-image-3704\" alt=\"\" srcset=\"https:\/\/alquimico.com\/wp-content\/uploads\/2026\/03\/014.jpg 526w, https:\/\/alquimico.com\/wp-content\/uploads\/2026\/03\/014-300x256.jpg 300w\" sizes=\"(max-width: 526px) 100vw, 526px\" \/><span class=\"raven-post-image-overlay\"><\/span><\/a><\/div><div class=\"raven-post-content\" data-id=\"3700\"><div class=\"raven-post-meta\"><a class=\"raven-post-meta-item raven-post-date\" href=\"https:\/\/alquimico.com\/en\/2026\/03\/\" rel=\"bookmark\">March 7, 2026<\/a><\/div><h3 class=\"raven-post-title\"><a class=\"raven-post-title-link\" href=\"https:\/\/alquimico.com\/en\/alquimico-in-the-worlds-50-best-bars\/\">Alqu\u00edmico in The World&#8217;s 50 Best Bars<\/a><\/h3><div class=\"raven-post-excerpt\">Located in a 19th-century mansion in Cartagena, Alqu\u00edmico combines creative mixology, Colombian ingredients, and community projects, establishing itself as one of the most influential bars in the world.<\/div><div class=\"raven-post-read-more\"><a class=\"raven-post-button\" href=\"https:\/\/alquimico.com\/en\/alquimico-in-the-worlds-50-best-bars\/\"><span class=\"raven-post-button-text\">Ver m\u00e1s<\/span><\/a><\/div><\/div><\/div><\/div><\/div><div class=\"raven-posts-item raven-masonry-item  \"><div class=\"raven-post-wrapper \"><div class=\"raven-post  \"><div class=\"raven-post-image-wrap\"><a class=\"raven-post-image\" href=\"https:\/\/alquimico.com\/en\/class-visits-alquimico-and-its-impact-beyond-the-bar\/\"> <img decoding=\"async\" width=\"526\" height=\"448\" src=\"https:\/\/alquimico.com\/wp-content\/uploads\/2026\/03\/013.jpg\" class=\"attachment-full size-full wp-image-3710\" alt=\"\" srcset=\"https:\/\/alquimico.com\/wp-content\/uploads\/2026\/03\/013.jpg 526w, https:\/\/alquimico.com\/wp-content\/uploads\/2026\/03\/013-300x256.jpg 300w\" sizes=\"(max-width: 526px) 100vw, 526px\" \/><span class=\"raven-post-image-overlay\"><\/span><\/a><\/div><div class=\"raven-post-content\" data-id=\"3709\"><div class=\"raven-post-meta\"><a class=\"raven-post-meta-item raven-post-date\" href=\"https:\/\/alquimico.com\/en\/2025\/12\/\" rel=\"bookmark\">December 3, 2025<\/a><\/div><h3 class=\"raven-post-title\"><a class=\"raven-post-title-link\" href=\"https:\/\/alquimico.com\/en\/class-visits-alquimico-and-its-impact-beyond-the-bar\/\">CLASS visits Alqu\u00edmico and its impact beyond the bar<\/a><\/h3><div class=\"raven-post-excerpt\">CLASS magazine highlights Alqu\u00edmico as a bar with purpose: a project that connects cocktails, agriculture, and community, creating opportunities for local producers and redefining hospitality\u2019s social impact.<\/div><div class=\"raven-post-read-more\"><a class=\"raven-post-button\" href=\"https:\/\/alquimico.com\/en\/class-visits-alquimico-and-its-impact-beyond-the-bar\/\"><span class=\"raven-post-button-text\">Ver m\u00e1s<\/span><\/a><\/div><\/div><\/div><\/div><\/div><div class=\"raven-posts-item raven-masonry-item  \"><div class=\"raven-post-wrapper \"><div class=\"raven-post  \"><div class=\"raven-post-image-wrap\"><a class=\"raven-post-image\" href=\"https:\/\/alquimico.com\/en\/alquimico-returns-to-the-worlds-50-best-bars-at-11\/\"> <img decoding=\"async\" width=\"526\" height=\"448\" src=\"https:\/\/alquimico.com\/wp-content\/uploads\/2026\/03\/012.jpg\" class=\"attachment-full size-full wp-image-3703\" alt=\"\" srcset=\"https:\/\/alquimico.com\/wp-content\/uploads\/2026\/03\/012.jpg 526w, https:\/\/alquimico.com\/wp-content\/uploads\/2026\/03\/012-300x256.jpg 300w\" sizes=\"(max-width: 526px) 100vw, 526px\" \/><span class=\"raven-post-image-overlay\"><\/span><\/a><\/div><div class=\"raven-post-content\" data-id=\"3701\"><div class=\"raven-post-meta\"><a class=\"raven-post-meta-item raven-post-date\" href=\"https:\/\/alquimico.com\/en\/2025\/10\/\" rel=\"bookmark\">October 8, 2025<\/a><\/div><h3 class=\"raven-post-title\"><a class=\"raven-post-title-link\" href=\"https:\/\/alquimico.com\/en\/alquimico-returns-to-the-worlds-50-best-bars-at-11\/\">Alqu\u00edmico returns to The World&#8217;s 50 Best Bars at #11<\/a><\/h3><div class=\"raven-post-excerpt\">Alqu\u00edmico, in Cartagena, is back on The World's 50 Best Bars list, reaching #11 and establishing itself as one of the most influential bars in the world.<\/div><div class=\"raven-post-read-more\"><a class=\"raven-post-button\" href=\"https:\/\/alquimico.com\/en\/alquimico-returns-to-the-worlds-50-best-bars-at-11\/\"><span class=\"raven-post-button-text\">Ver m\u00e1s<\/span><\/a><\/div><\/div><\/div><\/div><\/div><div class=\"raven-posts-item raven-masonry-item  \"><div class=\"raven-post-wrapper \"><div class=\"raven-post  \"><div class=\"raven-post-image-wrap\"><a class=\"raven-post-image\" href=\"https:\/\/alquimico.com\/en\/the-farm-to-bar-project-that-transformed-alquimico\/\"> <img loading=\"lazy\" decoding=\"async\" width=\"526\" height=\"448\" src=\"https:\/\/alquimico.com\/wp-content\/uploads\/2026\/03\/011.jpg\" class=\"attachment-full size-full wp-image-3718\" alt=\"\" srcset=\"https:\/\/alquimico.com\/wp-content\/uploads\/2026\/03\/011.jpg 526w, https:\/\/alquimico.com\/wp-content\/uploads\/2026\/03\/011-300x256.jpg 300w\" sizes=\"(max-width: 526px) 100vw, 526px\" \/><span class=\"raven-post-image-overlay\"><\/span><\/a><\/div><div class=\"raven-post-content\" data-id=\"3717\"><div class=\"raven-post-meta\"><a class=\"raven-post-meta-item raven-post-date\" href=\"https:\/\/alquimico.com\/en\/2025\/07\/\" rel=\"bookmark\">July 30, 2025<\/a><\/div><h3 class=\"raven-post-title\"><a class=\"raven-post-title-link\" href=\"https:\/\/alquimico.com\/en\/the-farm-to-bar-project-that-transformed-alquimico\/\">The \u201cfarm-to-bar\u201d project that transformed Alqu\u00edmico<\/a><\/h3><div class=\"raven-post-excerpt\">During the pandemic, the Alqu\u00edmico team moved to a farm in Filandia, where they learned to cultivate and produce their own ingredients, strengthening their innovative sustainable farm-to-bar model.<\/div><div class=\"raven-post-read-more\"><a class=\"raven-post-button\" href=\"https:\/\/alquimico.com\/en\/the-farm-to-bar-project-that-transformed-alquimico\/\"><span class=\"raven-post-button-text\">Ver m\u00e1s<\/span><\/a><\/div><\/div><\/div><\/div><\/div><div class=\"raven-posts-item raven-masonry-item  \"><div class=\"raven-post-wrapper \"><div class=\"raven-post  \"><div class=\"raven-post-image-wrap\"><a class=\"raven-post-image\" href=\"https:\/\/alquimico.com\/en\/alquimico-from-cartagena-to-the-global-cocktail-ranking\/\"> <img loading=\"lazy\" decoding=\"async\" width=\"526\" height=\"448\" src=\"https:\/\/alquimico.com\/wp-content\/uploads\/2026\/03\/010.jpg\" class=\"attachment-full size-full wp-image-3713\" alt=\"\" srcset=\"https:\/\/alquimico.com\/wp-content\/uploads\/2026\/03\/010.jpg 526w, https:\/\/alquimico.com\/wp-content\/uploads\/2026\/03\/010-300x256.jpg 300w\" sizes=\"(max-width: 526px) 100vw, 526px\" \/><span class=\"raven-post-image-overlay\"><\/span><\/a><\/div><div class=\"raven-post-content\" data-id=\"3712\"><div class=\"raven-post-meta\"><a class=\"raven-post-meta-item raven-post-date\" href=\"https:\/\/alquimico.com\/en\/2025\/02\/\" rel=\"bookmark\">February 10, 2025<\/a><\/div><h3 class=\"raven-post-title\"><a class=\"raven-post-title-link\" href=\"https:\/\/alquimico.com\/en\/alquimico-from-cartagena-to-the-global-cocktail-ranking\/\">Alqu\u00edmico: From Cartagena to the Global Cocktail Ranking<\/a><\/h3><div class=\"raven-post-excerpt\">Founded by Jean Trinh in Cartagena, Alqu\u00edmico entered The World's 50 Best Bars, standing out for its concept based on Colombian ingredients, community collaboration, and an innovative vision for mixology.<\/div><div class=\"raven-post-read-more\"><a class=\"raven-post-button\" href=\"https:\/\/alquimico.com\/en\/alquimico-from-cartagena-to-the-global-cocktail-ranking\/\"><span class=\"raven-post-button-text\">Ver m\u00e1s<\/span><\/a><\/div><\/div><\/div><\/div><\/div><div class=\"raven-posts-item raven-masonry-item  \"><div class=\"raven-post-wrapper \"><div class=\"raven-post  \"><div class=\"raven-post-image-wrap\"><a class=\"raven-post-image\" href=\"https:\/\/alquimico.com\/en\/colombia-shines-at-the-worlds-50-best-bars-2024\/\"> <img loading=\"lazy\" decoding=\"async\" width=\"526\" height=\"448\" src=\"https:\/\/alquimico.com\/wp-content\/uploads\/2026\/03\/009.jpg\" class=\"attachment-full size-full wp-image-3744\" alt=\"\" srcset=\"https:\/\/alquimico.com\/wp-content\/uploads\/2026\/03\/009.jpg 526w, https:\/\/alquimico.com\/wp-content\/uploads\/2026\/03\/009-300x256.jpg 300w\" sizes=\"(max-width: 526px) 100vw, 526px\" \/><span class=\"raven-post-image-overlay\"><\/span><\/a><\/div><div class=\"raven-post-content\" data-id=\"3742\"><div class=\"raven-post-meta\"><a class=\"raven-post-meta-item raven-post-date\" href=\"https:\/\/alquimico.com\/en\/2024\/10\/\" rel=\"bookmark\">October 24, 2024<\/a><\/div><h3 class=\"raven-post-title\"><a class=\"raven-post-title-link\" href=\"https:\/\/alquimico.com\/en\/colombia-shines-at-the-worlds-50-best-bars-2024\/\">Colombia Shines at The World&#8217;s 50 Best Bars 2024<\/a><\/h3><div class=\"raven-post-excerpt\">Alqu\u00edmico, in Cartagena, reached #8 in The World's 50 Best Bars 2024, establishing Colombia as a global benchmark for mixology alongside other outstanding bars in the country.<\/div><div class=\"raven-post-read-more\"><a class=\"raven-post-button\" href=\"https:\/\/alquimico.com\/en\/colombia-shines-at-the-worlds-50-best-bars-2024\/\"><span class=\"raven-post-button-text\">Ver m\u00e1s<\/span><\/a><\/div><\/div><\/div><\/div><\/div><div class=\"raven-posts-item raven-masonry-item  \"><div class=\"raven-post-wrapper \"><div class=\"raven-post  \"><div class=\"raven-post-image-wrap\"><a class=\"raven-post-image\" href=\"https:\/\/alquimico.com\/en\/alquimico-reaches-8-in-the-worlds-50-best-bars\/\"> <img loading=\"lazy\" decoding=\"async\" width=\"526\" height=\"448\" src=\"https:\/\/alquimico.com\/wp-content\/uploads\/2026\/03\/008.jpg\" class=\"attachment-full size-full wp-image-3726\" alt=\"\" srcset=\"https:\/\/alquimico.com\/wp-content\/uploads\/2026\/03\/008.jpg 526w, https:\/\/alquimico.com\/wp-content\/uploads\/2026\/03\/008-300x256.jpg 300w\" sizes=\"(max-width: 526px) 100vw, 526px\" \/><span class=\"raven-post-image-overlay\"><\/span><\/a><\/div><div class=\"raven-post-content\" data-id=\"3724\"><div class=\"raven-post-meta\"><a class=\"raven-post-meta-item raven-post-date\" href=\"https:\/\/alquimico.com\/en\/2024\/10\/\" rel=\"bookmark\">October 23, 2024<\/a><\/div><h3 class=\"raven-post-title\"><a class=\"raven-post-title-link\" href=\"https:\/\/alquimico.com\/en\/alquimico-reaches-8-in-the-worlds-50-best-bars\/\">Alqu\u00edmico reaches #8 in The World\u2019s 50 Best Bars<\/a><\/h3><div class=\"raven-post-excerpt\">Alqu\u00edmico, in Cartagena, reached #8 in The World\u2019s 50 Best Bars, cementing itself as a global benchmark for Colombian cocktail culture thanks to its focus on local ingredients and collaboration with communities.<\/div><div class=\"raven-post-read-more\"><a class=\"raven-post-button\" href=\"https:\/\/alquimico.com\/en\/alquimico-reaches-8-in-the-worlds-50-best-bars\/\"><span class=\"raven-post-button-text\">Ver m\u00e1s<\/span><\/a><\/div><\/div><\/div><\/div><\/div><div class=\"raven-posts-item raven-masonry-item  \"><div class=\"raven-post-wrapper \"><div class=\"raven-post  \"><div class=\"raven-post-image-wrap\"><a class=\"raven-post-image\" href=\"https:\/\/alquimico.com\/en\/alquimico-wins-best-bar-in-the-world-award-in-2024\/\"> <img loading=\"lazy\" decoding=\"async\" width=\"526\" height=\"448\" src=\"https:\/\/alquimico.com\/wp-content\/uploads\/2026\/03\/007.jpg\" class=\"attachment-full size-full wp-image-3715\" alt=\"\" srcset=\"https:\/\/alquimico.com\/wp-content\/uploads\/2026\/03\/007.jpg 526w, https:\/\/alquimico.com\/wp-content\/uploads\/2026\/03\/007-300x256.jpg 300w\" sizes=\"(max-width: 526px) 100vw, 526px\" \/><span class=\"raven-post-image-overlay\"><\/span><\/a><\/div><div class=\"raven-post-content\" data-id=\"3714\"><div class=\"raven-post-meta\"><a class=\"raven-post-meta-item raven-post-date\" href=\"https:\/\/alquimico.com\/en\/2024\/07\/\" rel=\"bookmark\">July 29, 2024<\/a><\/div><h3 class=\"raven-post-title\"><a class=\"raven-post-title-link\" href=\"https:\/\/alquimico.com\/en\/alquimico-wins-best-bar-in-the-world-award-in-2024\/\">Alqu\u00edmico wins Best Bar in the World award in 2024<\/a><\/h3><div class=\"raven-post-excerpt\">Alqu\u00edmico, Cartagena\u2019s innovative bar founded by Jean Trinh, was named World\u2019s Best Bar at the 2024 Spirited Awards, highlighting its \u201cfarm-to-bar\u201d concept and sustainable approach.<\/div><div class=\"raven-post-read-more\"><a class=\"raven-post-button\" href=\"https:\/\/alquimico.com\/en\/alquimico-wins-best-bar-in-the-world-award-in-2024\/\"><span class=\"raven-post-button-text\">Ver m\u00e1s<\/span><\/a><\/div><\/div><\/div><\/div><\/div><div class=\"raven-posts-item raven-masonry-item  \"><div class=\"raven-post-wrapper \"><div class=\"raven-post  \"><div class=\"raven-post-image-wrap\"><a class=\"raven-post-image\" href=\"https:\/\/alquimico.com\/en\/jean-trinh-on-taking-alquimico-to-the-global-elite\/\"> <img loading=\"lazy\" decoding=\"async\" width=\"526\" height=\"448\" src=\"https:\/\/alquimico.com\/wp-content\/uploads\/2026\/03\/006.jpg\" class=\"attachment-full size-full wp-image-3727\" alt=\"\" srcset=\"https:\/\/alquimico.com\/wp-content\/uploads\/2026\/03\/006.jpg 526w, https:\/\/alquimico.com\/wp-content\/uploads\/2026\/03\/006-300x256.jpg 300w\" sizes=\"(max-width: 526px) 100vw, 526px\" \/><span class=\"raven-post-image-overlay\"><\/span><\/a><\/div><div class=\"raven-post-content\" data-id=\"3725\"><div class=\"raven-post-meta\"><a class=\"raven-post-meta-item raven-post-date\" href=\"https:\/\/alquimico.com\/en\/2022\/10\/\" rel=\"bookmark\">October 8, 2022<\/a><\/div><h3 class=\"raven-post-title\"><a class=\"raven-post-title-link\" href=\"https:\/\/alquimico.com\/en\/jean-trinh-on-taking-alquimico-to-the-global-elite\/\">Jean Trinh on taking Alqu\u00edmico to the global elite<\/a><\/h3><div class=\"raven-post-excerpt\">In an interview, Jean Trinh talks about Alqu\u00edmico&#8217;s growth after entering the Top 10 of The World\u2019s 50 Best Bars, highlighting his work with communities, local ingredients, and sustainability.<\/div><div class=\"raven-post-read-more\"><a class=\"raven-post-button\" href=\"https:\/\/alquimico.com\/en\/jean-trinh-on-taking-alquimico-to-the-global-elite\/\"><span class=\"raven-post-button-text\">Ver m\u00e1s<\/span><\/a><\/div><\/div><\/div><\/div><\/div><div class=\"raven-posts-item raven-masonry-item  \"><div class=\"raven-post-wrapper \"><div class=\"raven-post  \"><div class=\"raven-post-image-wrap\"><a class=\"raven-post-image\" href=\"https:\/\/alquimico.com\/en\/alquimico-the-colombian-bar-among-the-worlds-best\/\"> <img loading=\"lazy\" decoding=\"async\" width=\"526\" height=\"448\" src=\"https:\/\/alquimico.com\/wp-content\/uploads\/2022\/10\/005.jpg\" class=\"attachment-full size-full wp-image-3722\" alt=\"\" srcset=\"https:\/\/alquimico.com\/wp-content\/uploads\/2022\/10\/005.jpg 526w, https:\/\/alquimico.com\/wp-content\/uploads\/2022\/10\/005-300x256.jpg 300w\" sizes=\"(max-width: 526px) 100vw, 526px\" \/><span class=\"raven-post-image-overlay\"><\/span><\/a><\/div><div class=\"raven-post-content\" data-id=\"3720\"><div class=\"raven-post-meta\"><a class=\"raven-post-meta-item raven-post-date\" href=\"https:\/\/alquimico.com\/en\/2022\/10\/\" rel=\"bookmark\">October 6, 2022<\/a><\/div><h3 class=\"raven-post-title\"><a class=\"raven-post-title-link\" href=\"https:\/\/alquimico.com\/en\/alquimico-the-colombian-bar-among-the-worlds-best\/\">Alqu\u00edmico, the Colombian bar among the world&#8217;s best<\/a><\/h3><div class=\"raven-post-excerpt\">The Cartagena bar Alqu\u00edmico ranked among The World's 50 Best Bars 2022, reaching #10 and establishing itself as a global benchmark for Colombian mixology.<\/div><div class=\"raven-post-read-more\"><a class=\"raven-post-button\" href=\"https:\/\/alquimico.com\/en\/alquimico-the-colombian-bar-among-the-worlds-best\/\"><span class=\"raven-post-button-text\">Ver m\u00e1s<\/span><\/a><\/div><\/div><\/div><\/div><\/div><div class=\"raven-posts-item raven-masonry-item  \"><div class=\"raven-post-wrapper \"><div class=\"raven-post  \"><div class=\"raven-post-image-wrap\"><a class=\"raven-post-image\" href=\"https:\/\/alquimico.com\/en\/alquimico-enters-the-top-10-best-bars-in-the-world\/\"> <img loading=\"lazy\" decoding=\"async\" width=\"526\" height=\"448\" src=\"https:\/\/alquimico.com\/wp-content\/uploads\/2022\/10\/004.jpg\" class=\"attachment-full size-full wp-image-3738\" alt=\"\" srcset=\"https:\/\/alquimico.com\/wp-content\/uploads\/2022\/10\/004.jpg 526w, https:\/\/alquimico.com\/wp-content\/uploads\/2022\/10\/004-300x256.jpg 300w\" sizes=\"(max-width: 526px) 100vw, 526px\" \/><span class=\"raven-post-image-overlay\"><\/span><\/a><\/div><div class=\"raven-post-content\" data-id=\"3737\"><div class=\"raven-post-meta\"><a class=\"raven-post-meta-item raven-post-date\" href=\"https:\/\/alquimico.com\/en\/2022\/10\/\" rel=\"bookmark\">October 4, 2022<\/a><\/div><h3 class=\"raven-post-title\"><a class=\"raven-post-title-link\" href=\"https:\/\/alquimico.com\/en\/alquimico-enters-the-top-10-best-bars-in-the-world\/\">Alqu\u00edmico enters the Top 10 best bars in the world<\/a><\/h3><div class=\"raven-post-excerpt\">Cartagena bar Alqu\u00edmico ranked #10 on The World\u2019s 50 Best Bars 2022, also becoming the best bar in South America.<\/div><div class=\"raven-post-read-more\"><a class=\"raven-post-button\" href=\"https:\/\/alquimico.com\/en\/alquimico-enters-the-top-10-best-bars-in-the-world\/\"><span class=\"raven-post-button-text\">Ver m\u00e1s<\/span><\/a><\/div><\/div><\/div><\/div><\/div><div class=\"raven-posts-item raven-masonry-item  \"><div class=\"raven-post-wrapper \"><div class=\"raven-post  \"><div class=\"raven-post-image-wrap\"><a class=\"raven-post-image\" href=\"https:\/\/alquimico.com\/en\/jean-trinh-wins-the-altos-bartenders-bartender-award-2022\/\"> <img loading=\"lazy\" decoding=\"async\" width=\"526\" height=\"448\" src=\"https:\/\/alquimico.com\/wp-content\/uploads\/2022\/09\/003.jpg\" class=\"attachment-full size-full wp-image-3732\" alt=\"\" srcset=\"https:\/\/alquimico.com\/wp-content\/uploads\/2022\/09\/003.jpg 526w, https:\/\/alquimico.com\/wp-content\/uploads\/2022\/09\/003-300x256.jpg 300w\" sizes=\"(max-width: 526px) 100vw, 526px\" \/><span class=\"raven-post-image-overlay\"><\/span><\/a><\/div><div class=\"raven-post-content\" data-id=\"3731\"><div class=\"raven-post-meta\"><a class=\"raven-post-meta-item raven-post-date\" href=\"https:\/\/alquimico.com\/en\/2022\/09\/\" rel=\"bookmark\">September 20, 2022<\/a><\/div><h3 class=\"raven-post-title\"><a class=\"raven-post-title-link\" href=\"https:\/\/alquimico.com\/en\/jean-trinh-wins-the-altos-bartenders-bartender-award-2022\/\">Jean Trinh wins the Altos Bartenders\u2019 Bartender Award 2022<\/a><\/h3><div class=\"raven-post-excerpt\">Alqu\u00edmico co-founder Jean Trinh was recognized with the Altos Bartenders\u2019 Bartender Award 2022, an award voted for by the global bartending community for his innovation, sustainability, and leadership.<\/div><div class=\"raven-post-read-more\"><a class=\"raven-post-button\" href=\"https:\/\/alquimico.com\/en\/jean-trinh-wins-the-altos-bartenders-bartender-award-2022\/\"><span class=\"raven-post-button-text\">Ver m\u00e1s<\/span><\/a><\/div><\/div><\/div><\/div><\/div><div class=\"raven-posts-item raven-masonry-item  \"><div class=\"raven-post-wrapper \"><div class=\"raven-post  \"><div class=\"raven-post-image-wrap\"><a class=\"raven-post-image\" href=\"https:\/\/alquimico.com\/en\/from-farm-to-bar-alquimicos-sustainable-model\/\"> <img loading=\"lazy\" decoding=\"async\" width=\"526\" height=\"448\" src=\"https:\/\/alquimico.com\/wp-content\/uploads\/2026\/03\/002.jpg\" class=\"attachment-full size-full wp-image-3740\" alt=\"\" srcset=\"https:\/\/alquimico.com\/wp-content\/uploads\/2026\/03\/002.jpg 526w, https:\/\/alquimico.com\/wp-content\/uploads\/2026\/03\/002-300x256.jpg 300w\" sizes=\"(max-width: 526px) 100vw, 526px\" \/><span class=\"raven-post-image-overlay\"><\/span><\/a><\/div><div class=\"raven-post-content\" data-id=\"3739\"><div class=\"raven-post-meta\"><a class=\"raven-post-meta-item raven-post-date\" href=\"https:\/\/alquimico.com\/en\/2021\/08\/\" rel=\"bookmark\">August 3, 2021<\/a><\/div><h3 class=\"raven-post-title\"><a class=\"raven-post-title-link\" href=\"https:\/\/alquimico.com\/en\/from-farm-to-bar-alquimicos-sustainable-model\/\">From farm to bar: Alqu\u00edmico\u2019s sustainable model<\/a><\/h3><div class=\"raven-post-excerpt\">The Mundo Alqu\u00edmico project explores the bar\u2019s sustainable model: from its farm in Colombia to the bar in Cartagena, growing its own ingredients and strengthening community, education, and responsible production.<\/div><div class=\"raven-post-read-more\"><a class=\"raven-post-button\" href=\"https:\/\/alquimico.com\/en\/from-farm-to-bar-alquimicos-sustainable-model\/\"><span class=\"raven-post-button-text\">Ver m\u00e1s<\/span><\/a><\/div><\/div><\/div><\/div><\/div><div class=\"raven-posts-item raven-masonry-item  \"><div class=\"raven-post-wrapper \"><div class=\"raven-post  \"><div class=\"raven-post-image-wrap\"><a class=\"raven-post-image\" href=\"https:\/\/alquimico.com\/en\/first-colombian-bar-among-the-worlds-50-best\/\"> <img loading=\"lazy\" decoding=\"async\" width=\"526\" height=\"448\" src=\"https:\/\/alquimico.com\/wp-content\/uploads\/2026\/03\/001.jpg\" class=\"attachment-full size-full wp-image-3736\" alt=\"\" srcset=\"https:\/\/alquimico.com\/wp-content\/uploads\/2026\/03\/001.jpg 526w, https:\/\/alquimico.com\/wp-content\/uploads\/2026\/03\/001-300x256.jpg 300w\" sizes=\"(max-width: 526px) 100vw, 526px\" \/><span class=\"raven-post-image-overlay\"><\/span><\/a><\/div><div class=\"raven-post-content\" data-id=\"3735\"><div class=\"raven-post-meta\"><a class=\"raven-post-meta-item raven-post-date\" href=\"https:\/\/alquimico.com\/en\/2020\/11\/\" rel=\"bookmark\">November 8, 2020<\/a><\/div><h3 class=\"raven-post-title\"><a class=\"raven-post-title-link\" href=\"https:\/\/alquimico.com\/en\/first-colombian-bar-among-the-worlds-50-best\/\">First Colombian bar among the world&#8217;s 50 best<\/a><\/h3><div class=\"raven-post-excerpt\">Alqu\u00edmico, in Cartagena, made history by becoming the first Colombian bar to enter The World\u2019s 50 Best Bars, standing out for its experimental mixology and sustainable approach.<\/div><div class=\"raven-post-read-more\"><a class=\"raven-post-button\" href=\"https:\/\/alquimico.com\/en\/first-colombian-bar-among-the-worlds-50-best\/\"><span class=\"raven-post-button-text\">Ver m\u00e1s<\/span><\/a><\/div><\/div><\/div><\/div><\/div>\t\t\t<\/div>\n\t\t\t<span class=\"raven-infinite-load\"><\/span>\t\t<\/div>\n\t\t\t\t\t\t<\/div>\n\t\t\t\t<\/div>\n\t\t\t\t<\/div>\n\t\t\t\t<\/div>\n\t\t","protected":false},"excerpt":{"rendered":"<p>marzo 7, 2026 Alqu\u00edmico en The World\u2019s 50 Best Bars Ubicado en una mansi\u00f3n del siglo XIX en Cartagena, Alqu\u00edmico combina cocteler\u00eda creativa, ingredientes colombianos y proyectos comunitarios, consolid\u00e1ndose como uno de los bares m\u00e1s influyentes del mundo.Ver m\u00e1s diciembre 3, 2025 CLASS visita Alqu\u00edmico y su impacto m\u00e1s all\u00e1 de la barra La revista [&hellip;]<\/p>\n","protected":false},"author":2,"featured_media":0,"parent":0,"menu_order":0,"comment_status":"closed","ping_status":"closed","template":"elementor_header_footer","meta":{"_acf_changed":false,"footnotes":""},"class_list":["post-1938","page","type-page","status-publish","hentry"],"acf":[],"_links":{"self":[{"href":"https:\/\/alquimico.com\/en\/wp-json\/wp\/v2\/pages\/1938","targetHints":{"allow":["GET"]}}],"collection":[{"href":"https:\/\/alquimico.com\/en\/wp-json\/wp\/v2\/pages"}],"about":[{"href":"https:\/\/alquimico.com\/en\/wp-json\/wp\/v2\/types\/page"}],"author":[{"embeddable":true,"href":"https:\/\/alquimico.com\/en\/wp-json\/wp\/v2\/users\/2"}],"replies":[{"embeddable":true,"href":"https:\/\/alquimico.com\/en\/wp-json\/wp\/v2\/comments?post=1938"}],"version-history":[{"count":7,"href":"https:\/\/alquimico.com\/en\/wp-json\/wp\/v2\/pages\/1938\/revisions"}],"predecessor-version":[{"id":3800,"href":"https:\/\/alquimico.com\/en\/wp-json\/wp\/v2\/pages\/1938\/revisions\/3800"}],"wp:attachment":[{"href":"https:\/\/alquimico.com\/en\/wp-json\/wp\/v2\/media?parent=1938"}],"curies":[{"name":"wp","href":"https:\/\/api.w.org\/{rel}","templated":true}]}}